{"id":10780,"date":"2023-08-09T19:32:55","date_gmt":"2023-08-09T19:32:55","guid":{"rendered":"http:\/\/www.efleatalk.com\/?post_type=product&#038;p=10780"},"modified":"2024-07-02T21:21:30","modified_gmt":"2024-07-02T21:21:30","slug":"telephone-cellulaire-efleatalk","status":"publish","type":"product","link":"https:\/\/www.efleatalk.com\/en\/product\/cellular-telephone-efleatalk\/","title":{"rendered":"efleaTalk Cell Phone"},"content":{"rendered":"<p><strong>Here are the features of the phones included in the box<\/strong><br \/>\nSIM integrated 5G, 4G LTE, protective case, charging cable, charging cube, earphone, screen protector.<\/p>\n<p><strong>PhoneRAM memory<\/strong> 3 GB<br \/>\n<strong>ROM<\/strong> 64 GB<br \/>\n<strong>Memory<\/strong> 256 GB<br \/>\n<strong>CPU<\/strong> MTK6737<br \/>\n<strong>CORE<\/strong> 8 CORE (Heart)<br \/>\n<strong>Screen<\/strong> 6.82 inches<br \/>\n<strong>Resolution<\/strong> 960 x 1600 pixels<br \/>\n<strong>Camera<\/strong> front 5 MPX<br \/>\n<strong>Camera<\/strong> rear 8 MPX<br \/>\n<strong>Networks<\/strong> 2 SIM cards (eflea SIM) and other SIMs<br \/>\n<strong>SSD<\/strong> Available<br \/>\n<strong>Battery<\/strong> Lithium Ion<br \/>\n<strong>Capacity<\/strong> battery capacity 4000 Mah\/4.35V<br \/>\n<strong>Language<\/strong> English\/French\/Multilingual<br \/>\n<strong>Color<\/strong> Black\/White\/Gold\/Mauve<br \/>\n<strong>Dimension<\/strong> 185\/95\/55 mm<br \/>\n<strong>Weight<\/strong> 410g<br \/>\n<strong>Wifi<\/strong> yes<br \/>\n<strong>Bluetooth<\/strong> yes<br \/>\n<strong>5G<\/strong> yes<\/p>","protected":false},"excerpt":{"rendered":"<h3><strong>Telephone price<br \/>\n<\/strong>450.00$ and 380.00$ with promo code.<\/h3>\n<p><em><strong>The monthly fee is 9.50$ per month.<\/strong><\/em><br \/>\n(First month included in Phone purchase)<\/p>","protected":false},"featured_media":11175,"comment_status":"open","ping_status":"closed","template":"","meta":[],"product_cat":[68],"product_tag":[],"class_list":["post-10780","product","type-product","status-publish","has-post-thumbnail","hentry","product_cat-eflea"],"yoast_head":"<!-- This site is optimized with the Yoast SEO Premium plugin v18.7 (Yoast SEO v26.4) - https:\/\/yoast.com\/wordpress\/plugins\/seo\/ -->\n<title>T\u00e9l\u00e9phone cellulaire efleaTalk - EfleaTalk<\/title>\n<meta name=\"robots\" content=\"index, follow, max-snippet:-1, max-image-preview:large, max-video-preview:-1\" \/>\n<link rel=\"canonical\" href=\"https:\/\/www.efleatalk.com\/en\/product\/cellular-telephone-efleatalk\/\" \/>\n<meta property=\"og:locale\" content=\"en_US\" \/>\n<meta property=\"og:type\" content=\"article\" \/>\n<meta property=\"og:title\" content=\"T\u00e9l\u00e9phone cellulaire efleaTalk\" \/>\n<meta property=\"og:description\" content=\"Le prix de T\u00e9l\u00e9phone 450,00$ et 380,00$ avec code promo. Le frais mensuel est de 9,50$ par mois. (Premier mois inclus dans l\u2019achat de T\u00e9l\u00e9phone)\" \/>\n<meta property=\"og:url\" content=\"https:\/\/www.efleatalk.com\/en\/product\/cellular-telephone-efleatalk\/\" \/>\n<meta property=\"og:site_name\" content=\"EfleaTalk\" \/>\n<meta property=\"article:modified_time\" content=\"2024-07-02T21:21:30+00:00\" \/>\n<meta property=\"og:image\" content=\"https:\/\/www.efleatalk.com\/wp-content\/uploads\/2023\/08\/Eflea-Phone-Art1.jpg\" \/>\n\t<meta property=\"og:image:width\" content=\"900\" \/>\n\t<meta property=\"og:image:height\" content=\"1200\" \/>\n\t<meta property=\"og:image:type\" content=\"image\/jpeg\" \/>\n<meta name=\"twitter:card\" content=\"summary_large_image\" \/>\n<meta name=\"twitter:label1\" content=\"Price\" \/>\n\t<meta name=\"twitter:data1\" content=\"From: &#036;&nbsp;9.50  every 4 weeks with a 4-week free trial and a &#036;&nbsp;450.00 sign-up fee\" \/>\n\t<meta name=\"twitter:label2\" content=\"Availability\" \/>\n\t<meta name=\"twitter:data2\" content=\"In stock\" \/>\n<script type=\"application\/ld+json\" class=\"yoast-schema-graph\">{\"@context\":\"https:\/\/schema.org\",\"@graph\":[{\"@type\":\"WebPage\",\"@id\":\"https:\/\/www.efleatalk.com\/product\/telephone-cellulaire-efleatalk\/\",\"url\":\"https:\/\/www.efleatalk.com\/product\/telephone-cellulaire-efleatalk\/\",\"name\":\"T\u00e9l\u00e9phone cellulaire efleaTalk - EfleaTalk\",\"isPartOf\":{\"@id\":\"https:\/\/www.efleatalk.com\/#website\"},\"primaryImageOfPage\":{\"@id\":\"https:\/\/www.efleatalk.com\/product\/telephone-cellulaire-efleatalk\/#primaryimage\"},\"image\":{\"@id\":\"https:\/\/www.efleatalk.com\/product\/telephone-cellulaire-efleatalk\/#primaryimage\"},\"thumbnailUrl\":\"https:\/\/www.efleatalk.com\/wp-content\/uploads\/2023\/08\/Eflea-Phone-Art1.jpg\",\"datePublished\":\"2023-08-09T19:32:55+00:00\",\"dateModified\":\"2024-07-02T21:21:30+00:00\",\"breadcrumb\":{\"@id\":\"https:\/\/www.efleatalk.com\/product\/telephone-cellulaire-efleatalk\/#breadcrumb\"},\"inLanguage\":\"en-US\",\"potentialAction\":[{\"@type\":\"ReadAction\",\"target\":[\"https:\/\/www.efleatalk.com\/product\/telephone-cellulaire-efleatalk\/\"]}]},{\"@type\":\"ImageObject\",\"inLanguage\":\"en-US\",\"@id\":\"https:\/\/www.efleatalk.com\/product\/telephone-cellulaire-efleatalk\/#primaryimage\",\"url\":\"https:\/\/www.efleatalk.com\/wp-content\/uploads\/2023\/08\/Eflea-Phone-Art1.jpg\",\"contentUrl\":\"https:\/\/www.efleatalk.com\/wp-content\/uploads\/2023\/08\/Eflea-Phone-Art1.jpg\",\"width\":900,\"height\":1200},{\"@type\":\"BreadcrumbList\",\"@id\":\"https:\/\/www.efleatalk.com\/product\/telephone-cellulaire-efleatalk\/#breadcrumb\",\"itemListElement\":[{\"@type\":\"ListItem\",\"position\":1,\"name\":\"Accueil\",\"item\":\"https:\/\/www.efleatalk.com\/\"},{\"@type\":\"ListItem\",\"position\":2,\"name\":\"Shop\",\"item\":\"https:\/\/www.efleatalk.com\/shop\/\"},{\"@type\":\"ListItem\",\"position\":3,\"name\":\"T\u00e9l\u00e9phone cellulaire efleaTalk\"}]},{\"@type\":\"WebSite\",\"@id\":\"https:\/\/www.efleatalk.com\/#website\",\"url\":\"https:\/\/www.efleatalk.com\/\",\"name\":\"Eflea Watch\",\"description\":\"Toujours Avec vous\",\"alternateName\":\"Eflea Watch\",\"potentialAction\":[{\"@type\":\"SearchAction\",\"target\":{\"@type\":\"EntryPoint\",\"urlTemplate\":\"https:\/\/www.efleatalk.com\/?s={search_term_string}\"},\"query-input\":{\"@type\":\"PropertyValueSpecification\",\"valueRequired\":true,\"valueName\":\"search_term_string\"}}],\"inLanguage\":\"en-US\"}]}<\/script>\n<meta property=\"product:price:amount\" content=\"9.50\" \/>\n<meta property=\"product:price:currency\" content=\"CAD\" \/>\n<meta property=\"og:availability\" content=\"instock\" \/>\n<meta property=\"product:availability\" content=\"instock\" \/>\n<meta property=\"product:condition\" content=\"new\" \/>\n<!-- \/ Yoast SEO Premium plugin. -->","yoast_head_json":{"title":"efleaTalk cell phone - EfleaTalk","robots":{"index":"index","follow":"follow","max-snippet":"max-snippet:-1","max-image-preview":"max-image-preview:large","max-video-preview":"max-video-preview:-1"},"canonical":"https:\/\/www.efleatalk.com\/en\/product\/cellular-telephone-efleatalk\/","og_locale":"en_US","og_type":"article","og_title":"T\u00e9l\u00e9phone cellulaire efleaTalk","og_description":"Le prix de T\u00e9l\u00e9phone 450,00$ et 380,00$ avec code promo. Le frais mensuel est de 9,50$ par mois. (Premier mois inclus dans l\u2019achat de T\u00e9l\u00e9phone)","og_url":"https:\/\/www.efleatalk.com\/en\/product\/cellular-telephone-efleatalk\/","og_site_name":"EfleaTalk","article_modified_time":"2024-07-02T21:21:30+00:00","og_image":[{"width":900,"height":1200,"url":"https:\/\/www.efleatalk.com\/wp-content\/uploads\/2023\/08\/Eflea-Phone-Art1.jpg","type":"image\/jpeg"}],"twitter_card":"summary_large_image","twitter_misc":{"Price":"From: &#36;&nbsp;9.50  every 4 weeks with a 4-week free trial and a &#36;&nbsp;450.00 sign-up fee","Availability":"In stock"},"schema":{"@context":"https:\/\/schema.org","@graph":[{"@type":"WebPage","@id":"https:\/\/www.efleatalk.com\/product\/telephone-cellulaire-efleatalk\/","url":"https:\/\/www.efleatalk.com\/product\/telephone-cellulaire-efleatalk\/","name":"efleaTalk cell phone - EfleaTalk","isPartOf":{"@id":"https:\/\/www.efleatalk.com\/#website"},"primaryImageOfPage":{"@id":"https:\/\/www.efleatalk.com\/product\/telephone-cellulaire-efleatalk\/#primaryimage"},"image":{"@id":"https:\/\/www.efleatalk.com\/product\/telephone-cellulaire-efleatalk\/#primaryimage"},"thumbnailUrl":"https:\/\/www.efleatalk.com\/wp-content\/uploads\/2023\/08\/Eflea-Phone-Art1.jpg","datePublished":"2023-08-09T19:32:55+00:00","dateModified":"2024-07-02T21:21:30+00:00","breadcrumb":{"@id":"https:\/\/www.efleatalk.com\/product\/telephone-cellulaire-efleatalk\/#breadcrumb"},"inLanguage":"en-US","potentialAction":[{"@type":"ReadAction","target":["https:\/\/www.efleatalk.com\/product\/telephone-cellulaire-efleatalk\/"]}]},{"@type":"ImageObject","inLanguage":"en-US","@id":"https:\/\/www.efleatalk.com\/product\/telephone-cellulaire-efleatalk\/#primaryimage","url":"https:\/\/www.efleatalk.com\/wp-content\/uploads\/2023\/08\/Eflea-Phone-Art1.jpg","contentUrl":"https:\/\/www.efleatalk.com\/wp-content\/uploads\/2023\/08\/Eflea-Phone-Art1.jpg","width":900,"height":1200},{"@type":"BreadcrumbList","@id":"https:\/\/www.efleatalk.com\/product\/telephone-cellulaire-efleatalk\/#breadcrumb","itemListElement":[{"@type":"ListItem","position":1,"name":"Accueil","item":"https:\/\/www.efleatalk.com\/"},{"@type":"ListItem","position":2,"name":"Shop","item":"https:\/\/www.efleatalk.com\/shop\/"},{"@type":"ListItem","position":3,"name":"T\u00e9l\u00e9phone cellulaire efleaTalk"}]},{"@type":"WebSite","@id":"https:\/\/www.efleatalk.com\/#website","url":"https:\/\/www.efleatalk.com\/","name":"Eflea Watch","description":"Always with you","alternateName":"Eflea Watch","potentialAction":[{"@type":"SearchAction","target":{"@type":"EntryPoint","urlTemplate":"https:\/\/www.efleatalk.com\/?s={search_term_string}"},"query-input":{"@type":"PropertyValueSpecification","valueRequired":true,"valueName":"search_term_string"}}],"inLanguage":"en-US"}]},"product_price_amount":"9.50","product_price_currency":"CAD","og_availability":"instock","product_availability":"instock","product_condition":"new"},"jetpack_sharing_enabled":true,"_links":{"self":[{"href":"https:\/\/www.efleatalk.com\/en\/wp-json\/wp\/v2\/product\/10780","targetHints":{"allow":["GET"]}}],"collection":[{"href":"https:\/\/www.efleatalk.com\/en\/wp-json\/wp\/v2\/product"}],"about":[{"href":"https:\/\/www.efleatalk.com\/en\/wp-json\/wp\/v2\/types\/product"}],"replies":[{"embeddable":true,"href":"https:\/\/www.efleatalk.com\/en\/wp-json\/wp\/v2\/comments?post=10780"}],"wp:featuredmedia":[{"embeddable":true,"href":"https:\/\/www.efleatalk.com\/en\/wp-json\/wp\/v2\/media\/11175"}],"wp:attachment":[{"href":"https:\/\/www.efleatalk.com\/en\/wp-json\/wp\/v2\/media?parent=10780"}],"wp:term":[{"taxonomy":"product_cat","embeddable":true,"href":"https:\/\/www.efleatalk.com\/en\/wp-json\/wp\/v2\/product_cat?post=10780"},{"taxonomy":"product_tag","embeddable":true,"href":"https:\/\/www.efleatalk.com\/en\/wp-json\/wp\/v2\/product_tag?post=10780"}],"curies":[{"name":"wp","href":"https:\/\/api.w.org\/{rel}","templated":true}]}}